{"id":17239,"date":"2024-11-13T12:28:33","date_gmt":"2024-11-13T11:28:33","guid":{"rendered":"https:\/\/freimaurermuseum.ch\/archivio-delle-newsletter\/"},"modified":"2025-11-26T14:42:19","modified_gmt":"2025-11-26T13:42:19","slug":"archivio-delle-newsletter","status":"publish","type":"page","link":"https:\/\/freimaurermuseum.ch\/it\/archivio-delle-newsletter\/","title":{"rendered":"Archivio delle newsletter"},"content":{"rendered":"<h1>Archivio delle newsletter<\/h1>\n<h4>Qui pu\u00f2 consultare le nostre ultime 12 newsletter<\/h4>\n<div class=\"noformat\"><div class='content-column one_third'><div style=\"padding-right:20px;\">Tedesco<br \/>\n<ul class=\"mailpoet_archive\"><li><span class=\"mailpoet_archive_date\">2026<\/span>\n          <span class=\"mailpoet_archive_subject\"><a href=\"https:\/\/freimaurermuseum.ch\/it\/?mailpoet_router&amp;endpoint=view_in_browser&amp;action=view&amp;data=WzE5NSwiODkxZWIzYWRlNWY0IiwwLDAsMzk0LDFd\" target=\"_blank\" title=\"Guarda l&#039;anteprima in una nuova scheda\">FMS Newsletter M\u00e4rz 2026 DE<\/a><\/span>\n        <\/li><li><span class=\"mailpoet_archive_date\">2026<\/span>\n          <span class=\"mailpoet_archive_subject\"><a href=\"https:\/\/freimaurermuseum.ch\/it\/?mailpoet_router&amp;endpoint=view_in_browser&amp;action=view&amp;data=WzE4OSwiOTdiZGVlYjQ1NWFhIiwwLDAsMzgzLDFd\" target=\"_blank\" title=\"Guarda l&#039;anteprima in una nuova scheda\">FMS Newsletter Februar 2026 DE<\/a><\/span>\n        <\/li><li><span class=\"mailpoet_archive_date\">2026<\/span>\n          <span class=\"mailpoet_archive_subject\"><a href=\"https:\/\/freimaurermuseum.ch\/it\/?mailpoet_router&amp;endpoint=view_in_browser&amp;action=view&amp;data=WzE4MywiZDkyMjJmYWNiZjUzIiwwLDAsMzYyLDFd\" target=\"_blank\" title=\"Guarda l&#039;anteprima in una nuova scheda\">FMS Newsletter Januar 2026 DE<\/a><\/span>\n        <\/li><li><span class=\"mailpoet_archive_date\">2025<\/span>\n          <span class=\"mailpoet_archive_subject\"><a href=\"https:\/\/freimaurermuseum.ch\/it\/?mailpoet_router&amp;endpoint=view_in_browser&amp;action=view&amp;data=WzE4MCwiN2JlYmY5ZWYxMjZkIiwwLDAsMzQ5LDFd\" target=\"_blank\" title=\"Guarda l&#039;anteprima in una nuova scheda\">FMS Newsletter Dezember 2025 DE<\/a><\/span>\n        <\/li><li><span class=\"mailpoet_archive_date\">2025<\/span>\n          <span class=\"mailpoet_archive_subject\"><a href=\"https:\/\/freimaurermuseum.ch\/it\/?mailpoet_router&amp;endpoint=view_in_browser&amp;action=view&amp;data=WzE3NCwiMDY4OTEwNmU0MmM0IiwwLDAsMzQwLDFd\" target=\"_blank\" title=\"Guarda l&#039;anteprima in una nuova scheda\">FMS Newsletter November 2025 DE<\/a><\/span>\n        <\/li><li><span class=\"mailpoet_archive_date\">2025<\/span>\n          <span class=\"mailpoet_archive_subject\"><a href=\"https:\/\/freimaurermuseum.ch\/it\/?mailpoet_router&amp;endpoint=view_in_browser&amp;action=view&amp;data=WzE2OCwiOTdkNjQ1ODkyN2Y4IiwwLDAsMzI3LDFd\" target=\"_blank\" title=\"Guarda l&#039;anteprima in una nuova scheda\">FMS Newsletter September 2025 DE<\/a><\/span>\n        <\/li><li><span class=\"mailpoet_archive_date\">2025<\/span>\n          <span class=\"mailpoet_archive_subject\"><a href=\"https:\/\/freimaurermuseum.ch\/it\/?mailpoet_router&amp;endpoint=view_in_browser&amp;action=view&amp;data=WzE2MiwiZDk5ZTFhOTAwMjc1IiwwLDAsMzEzLDFd\" target=\"_blank\" title=\"Guarda l&#039;anteprima in una nuova scheda\">FMS Newsletter August 2025 DE<\/a><\/span>\n        <\/li><li><span class=\"mailpoet_archive_date\">2025<\/span>\n          <span class=\"mailpoet_archive_subject\"><a href=\"https:\/\/freimaurermuseum.ch\/it\/?mailpoet_router&amp;endpoint=view_in_browser&amp;action=view&amp;data=WzE1NiwiNWViNjE0NmUxOGNhIiwwLDAsMzAxLDFd\" target=\"_blank\" title=\"Guarda l&#039;anteprima in una nuova scheda\">FMS Newsletter Juli 2025 DE<\/a><\/span>\n        <\/li><li><span class=\"mailpoet_archive_date\">2025<\/span>\n          <span class=\"mailpoet_archive_subject\"><a href=\"https:\/\/freimaurermuseum.ch\/it\/?mailpoet_router&amp;endpoint=view_in_browser&amp;action=view&amp;data=WzE0MCwiOTdjZjAxNWQxMjI3IiwwLDAsMjg5LDFd\" target=\"_blank\" title=\"Guarda l&#039;anteprima in una nuova scheda\">FMS Newsletter Juni 2025 DE<\/a><\/span>\n        <\/li><li><span class=\"mailpoet_archive_date\">2025<\/span>\n          <span class=\"mailpoet_archive_subject\"><a href=\"https:\/\/freimaurermuseum.ch\/it\/?mailpoet_router&amp;endpoint=view_in_browser&amp;action=view&amp;data=WzEzOSwiOGM2OWMwMGVkN2I3IiwwLDAsMjczLDFd\" target=\"_blank\" title=\"Guarda l&#039;anteprima in una nuova scheda\">FMS Newsletter Mai 2025 DE<\/a><\/span>\n        <\/li><li><span class=\"mailpoet_archive_date\">2025<\/span>\n          <span class=\"mailpoet_archive_subject\"><a href=\"https:\/\/freimaurermuseum.ch\/it\/?mailpoet_router&amp;endpoint=view_in_browser&amp;action=view&amp;data=WzEyNywiNDQyNWY4M2Y1N2IzIiwwLDAsMjU3LDFd\" target=\"_blank\" title=\"Guarda l&#039;anteprima in una nuova scheda\">FMS Newsletter April 2025 DE<\/a><\/span>\n        <\/li><li><span class=\"mailpoet_archive_date\">2025<\/span>\n          <span class=\"mailpoet_archive_subject\"><a href=\"https:\/\/freimaurermuseum.ch\/it\/?mailpoet_router&amp;endpoint=view_in_browser&amp;action=view&amp;data=WzEyMSwiNzNkY2U1MTllNjU5IiwwLDAsMTkxLDFd\" target=\"_blank\" title=\"Guarda l&#039;anteprima in una nuova scheda\">FMS Newsletter M\u00e4rz 2025 DE<\/a><\/span>\n        <\/li><\/ul><br \/><\/div><\/div><div class='content-column one_third'><div style=\"padding-right:20px;\">Francese<br \/>\n<ul class=\"mailpoet_archive\"><li><span class=\"mailpoet_archive_date\">2026<\/span>\n          <span class=\"mailpoet_archive_subject\"><a href=\"https:\/\/freimaurermuseum.ch\/it\/?mailpoet_router&amp;endpoint=view_in_browser&amp;action=view&amp;data=WzE5NiwiMzYwYjQxZGYzNTVkIiwwLDAsMzk1LDFd\" target=\"_blank\" title=\"Guarda l&#039;anteprima in una nuova scheda\">MMS Newsletter Mars 2026 FR<\/a><\/span>\n        <\/li><li><span class=\"mailpoet_archive_date\">2026<\/span>\n          <span class=\"mailpoet_archive_subject\"><a href=\"https:\/\/freimaurermuseum.ch\/it\/?mailpoet_router&amp;endpoint=view_in_browser&amp;action=view&amp;data=WzE5MCwiYjZlODU1OWM5YTQwIiwwLDAsMzg0LDFd\" target=\"_blank\" title=\"Guarda l&#039;anteprima in una nuova scheda\">MMS Newsletter F\u00e9vrier 2026 FR<\/a><\/span>\n        <\/li><li><span class=\"mailpoet_archive_date\">2026<\/span>\n          <span class=\"mailpoet_archive_subject\"><a href=\"https:\/\/freimaurermuseum.ch\/it\/?mailpoet_router&amp;endpoint=view_in_browser&amp;action=view&amp;data=WzE4NCwiYjU3NjA1MTIwZTA3IiwwLDAsMzYzLDFd\" target=\"_blank\" title=\"Guarda l&#039;anteprima in una nuova scheda\">MMS Newsletter Janvier 2026 FR<\/a><\/span>\n        <\/li><li><span class=\"mailpoet_archive_date\">2025<\/span>\n          <span class=\"mailpoet_archive_subject\"><a href=\"https:\/\/freimaurermuseum.ch\/it\/?mailpoet_router&amp;endpoint=view_in_browser&amp;action=view&amp;data=WzE4MiwiZDNkZDI5MzJlNGIxIiwwLDAsMzUwLDFd\" target=\"_blank\" title=\"Guarda l&#039;anteprima in una nuova scheda\">MMS Newsletter D\u00e9cembre 2025 FR<\/a><\/span>\n        <\/li><li><span class=\"mailpoet_archive_date\">2025<\/span>\n          <span class=\"mailpoet_archive_subject\"><a href=\"https:\/\/freimaurermuseum.ch\/it\/?mailpoet_router&amp;endpoint=view_in_browser&amp;action=view&amp;data=WzE3NSwiNjJmN2NjMjk4MWY0IiwwLDAsMzQxLDFd\" target=\"_blank\" title=\"Guarda l&#039;anteprima in una nuova scheda\">MMS Newsletter Novembre 2025 FR<\/a><\/span>\n        <\/li><li><span class=\"mailpoet_archive_date\">2025<\/span>\n          <span class=\"mailpoet_archive_subject\"><a href=\"https:\/\/freimaurermuseum.ch\/it\/?mailpoet_router&amp;endpoint=view_in_browser&amp;action=view&amp;data=WzE2OSwiMjM1NDE2ZmJmYWQ5IiwwLDAsMzI4LDFd\" target=\"_blank\" title=\"Guarda l&#039;anteprima in una nuova scheda\">MMS Newsletter Septembre 2025 FR<\/a><\/span>\n        <\/li><li><span class=\"mailpoet_archive_date\">2025<\/span>\n          <span class=\"mailpoet_archive_subject\"><a href=\"https:\/\/freimaurermuseum.ch\/it\/?mailpoet_router&amp;endpoint=view_in_browser&amp;action=view&amp;data=WzE2NCwiMDFiNTQ4ZjIyMWMyIiwwLDAsMzE0LDFd\" target=\"_blank\" title=\"Guarda l&#039;anteprima in una nuova scheda\">MMS Newsletter Ao\u00fbt 2025 FR<\/a><\/span>\n        <\/li><li><span class=\"mailpoet_archive_date\">2025<\/span>\n          <span class=\"mailpoet_archive_subject\"><a href=\"https:\/\/freimaurermuseum.ch\/it\/?mailpoet_router&amp;endpoint=view_in_browser&amp;action=view&amp;data=WzE1NywiMWY5MGU3NDcwZmQ2IiwwLDAsMzAyLDFd\" target=\"_blank\" title=\"Guarda l&#039;anteprima in una nuova scheda\">MMS Newsletter Juillet 2025 FR<\/a><\/span>\n        <\/li><li><span class=\"mailpoet_archive_date\">2025<\/span>\n          <span class=\"mailpoet_archive_subject\"><a href=\"https:\/\/freimaurermuseum.ch\/it\/?mailpoet_router&amp;endpoint=view_in_browser&amp;action=view&amp;data=WzE1MCwiOWM1MjVkOTI5OTAxIiwwLDAsMjkwLDFd\" target=\"_blank\" title=\"Guarda l&#039;anteprima in una nuova scheda\">MMS Newsletter Juin 2025 FR<\/a><\/span>\n        <\/li><li><span class=\"mailpoet_archive_date\">2025<\/span>\n          <span class=\"mailpoet_archive_subject\"><a href=\"https:\/\/freimaurermuseum.ch\/it\/?mailpoet_router&amp;endpoint=view_in_browser&amp;action=view&amp;data=WzE0NCwiNGMzM2M2YTEwZDJlIiwwLDAsMjc0LDFd\" target=\"_blank\" title=\"Guarda l&#039;anteprima in una nuova scheda\">MMS Newsletter Mai 2025 FR<\/a><\/span>\n        <\/li><li><span class=\"mailpoet_archive_date\">2025<\/span>\n          <span class=\"mailpoet_archive_subject\"><a href=\"https:\/\/freimaurermuseum.ch\/it\/?mailpoet_router&amp;endpoint=view_in_browser&amp;action=view&amp;data=WzEzNCwiODMzYzdmNTUzOWM1IiwwLDAsMjU4LDFd\" target=\"_blank\" title=\"Guarda l&#039;anteprima in una nuova scheda\">MMS Newsletter Avril 2025 FR<\/a><\/span>\n        <\/li><li><span class=\"mailpoet_archive_date\">2025<\/span>\n          <span class=\"mailpoet_archive_subject\"><a href=\"https:\/\/freimaurermuseum.ch\/it\/?mailpoet_router&amp;endpoint=view_in_browser&amp;action=view&amp;data=WzEyMiwiNjg0ODNlMDg5OTRkIiwwLDAsMTkyLDFd\" target=\"_blank\" title=\"Guarda l&#039;anteprima in una nuova scheda\">MMS Newsletter Mars 2025 FR<\/a><\/span>\n        <\/li><\/ul><br \/><\/div><\/div><div class='content-column one_third last_column'><div style=\"\">Inglese<br \/>\n<ul class=\"mailpoet_archive\"><li><span class=\"mailpoet_archive_date\">2026<\/span>\n          <span class=\"mailpoet_archive_subject\"><a href=\"https:\/\/freimaurermuseum.ch\/it\/?mailpoet_router&amp;endpoint=view_in_browser&amp;action=view&amp;data=WzE5NywiYjQ2MmI3ZmMwYWIyIiwwLDAsMzk2LDFd\" target=\"_blank\" title=\"Guarda l&#039;anteprima in una nuova scheda\">MMS Newsletter March 2026 EN<\/a><\/span>\n        <\/li><li><span class=\"mailpoet_archive_date\">2026<\/span>\n          <span class=\"mailpoet_archive_subject\"><a href=\"https:\/\/freimaurermuseum.ch\/it\/?mailpoet_router&amp;endpoint=view_in_browser&amp;action=view&amp;data=WzE5MSwiNTcxMDJmZjQwMjc0IiwwLDAsMzg1LDFd\" target=\"_blank\" title=\"Guarda l&#039;anteprima in una nuova scheda\">MMS Newsletter February 2026 EN<\/a><\/span>\n        <\/li><li><span class=\"mailpoet_archive_date\">2026<\/span>\n          <span class=\"mailpoet_archive_subject\"><a href=\"https:\/\/freimaurermuseum.ch\/it\/?mailpoet_router&amp;endpoint=view_in_browser&amp;action=view&amp;data=WzE4NSwiMmY1MmZjMzY0YTQyIiwwLDAsMzY0LDFd\" target=\"_blank\" title=\"Guarda l&#039;anteprima in una nuova scheda\">MMS Newsletter January 2026 EN<\/a><\/span>\n        <\/li><li><span class=\"mailpoet_archive_date\">2025<\/span>\n          <span class=\"mailpoet_archive_subject\"><a href=\"https:\/\/freimaurermuseum.ch\/it\/?mailpoet_router&amp;endpoint=view_in_browser&amp;action=view&amp;data=WzE4MSwiODNjYTczNzMxZGViIiwwLDAsMzUxLDFd\" target=\"_blank\" title=\"Guarda l&#039;anteprima in una nuova scheda\">MMS Newsletter December 2025 EN<\/a><\/span>\n        <\/li><li><span class=\"mailpoet_archive_date\">2025<\/span>\n          <span class=\"mailpoet_archive_subject\"><a href=\"https:\/\/freimaurermuseum.ch\/it\/?mailpoet_router&amp;endpoint=view_in_browser&amp;action=view&amp;data=WzE3NiwiODM5NGY2ZWFkMzA2IiwwLDAsMzQyLDFd\" target=\"_blank\" title=\"Guarda l&#039;anteprima in una nuova scheda\">MMS Newsletter November 2025 EN<\/a><\/span>\n        <\/li><li><span class=\"mailpoet_archive_date\">2025<\/span>\n          <span class=\"mailpoet_archive_subject\"><a href=\"https:\/\/freimaurermuseum.ch\/it\/?mailpoet_router&amp;endpoint=view_in_browser&amp;action=view&amp;data=WzE3MCwiZGZmMjk2MzlkNTA3IiwwLDAsMzI5LDFd\" target=\"_blank\" title=\"Guarda l&#039;anteprima in una nuova scheda\">MMS Newsletter September 2025 EN<\/a><\/span>\n        <\/li><li><span class=\"mailpoet_archive_date\">2025<\/span>\n          <span class=\"mailpoet_archive_subject\"><a href=\"https:\/\/freimaurermuseum.ch\/it\/?mailpoet_router&amp;endpoint=view_in_browser&amp;action=view&amp;data=WzE2MywiMDYwMzU5YjJkNWYxIiwwLDAsMzE1LDFd\" target=\"_blank\" title=\"Guarda l&#039;anteprima in una nuova scheda\">MMS Newsletter August 2025 EN<\/a><\/span>\n        <\/li><li><span class=\"mailpoet_archive_date\">2025<\/span>\n          <span class=\"mailpoet_archive_subject\"><a href=\"https:\/\/freimaurermuseum.ch\/it\/?mailpoet_router&amp;endpoint=view_in_browser&amp;action=view&amp;data=WzE1OCwiODg5ODBhODMyMTc5IiwwLDAsMzAzLDFd\" target=\"_blank\" title=\"Guarda l&#039;anteprima in una nuova scheda\">MMS Newsletter July 2025 EN<\/a><\/span>\n        <\/li><li><span class=\"mailpoet_archive_date\">2025<\/span>\n          <span class=\"mailpoet_archive_subject\"><a href=\"https:\/\/freimaurermuseum.ch\/it\/?mailpoet_router&amp;endpoint=view_in_browser&amp;action=view&amp;data=WzE1MSwiOGE2MDYwMTViZDZjIiwwLDAsMjkxLDFd\" target=\"_blank\" title=\"Guarda l&#039;anteprima in una nuova scheda\">MMS Newsletter June 2025 EN<\/a><\/span>\n        <\/li><li><span class=\"mailpoet_archive_date\">2025<\/span>\n          <span class=\"mailpoet_archive_subject\"><a href=\"https:\/\/freimaurermuseum.ch\/it\/?mailpoet_router&amp;endpoint=view_in_browser&amp;action=view&amp;data=WzE0MywiOTFhZjI2OTE4Zjk4IiwwLDAsMjc1LDFd\" target=\"_blank\" title=\"Guarda l&#039;anteprima in una nuova scheda\">MMS Newsletter May 2025 EN<\/a><\/span>\n        <\/li><li><span class=\"mailpoet_archive_date\">2025<\/span>\n          <span class=\"mailpoet_archive_subject\"><a href=\"https:\/\/freimaurermuseum.ch\/it\/?mailpoet_router&amp;endpoint=view_in_browser&amp;action=view&amp;data=WzEzNSwiOGQ1MWJkNmU5NmFhIiwwLDAsMjU5LDFd\" target=\"_blank\" title=\"Guarda l&#039;anteprima in una nuova scheda\">MMS Newsletter April 2025 EN<\/a><\/span>\n        <\/li><li><span class=\"mailpoet_archive_date\">2025<\/span>\n          <span class=\"mailpoet_archive_subject\"><a href=\"https:\/\/freimaurermuseum.ch\/it\/?mailpoet_router&amp;endpoint=view_in_browser&amp;action=view&amp;data=WzEyMywiYTZlYTg1NDQxZTNlIiwwLDAsMTkzLDFd\" target=\"_blank\" title=\"Guarda l&#039;anteprima in una nuova scheda\">MMS Newsletter March 2025 EN<\/a><\/span>\n        <\/li><\/ul><br \/><\/div><\/div><div class='clear_column'><\/div><br \/>\nPer non perdere nessuna novit\u00e0, pu\u00f2 iscriversi direttamente alla newsletter nella lingua che preferisce, in fondo a questa pagina.\n<\/div>\n","protected":false},"excerpt":{"rendered":"<p>Archivio delle newsletter Qui pu\u00f2 consultare le nostre ultime 12 newsletter Per non perdere nessuna novit\u00e0, pu\u00f2 iscriversi direttamente alla newsletter nella lingua che preferisce, in fondo a questa pagina.<\/p>\n","protected":false},"author":1,"featured_media":0,"parent":0,"menu_order":0,"comment_status":"closed","ping_status":"closed","template":"","meta":{"_acf_changed":false,"footnotes":""},"class_list":["post-17239","page","type-page","status-publish","hentry"],"acf":[],"aioseo_notices":[],"_links":{"self":[{"href":"https:\/\/freimaurermuseum.ch\/it\/wp-json\/wp\/v2\/pages\/17239","targetHints":{"allow":["GET"]}}],"collection":[{"href":"https:\/\/freimaurermuseum.ch\/it\/wp-json\/wp\/v2\/pages"}],"about":[{"href":"https:\/\/freimaurermuseum.ch\/it\/wp-json\/wp\/v2\/types\/page"}],"author":[{"embeddable":true,"href":"https:\/\/freimaurermuseum.ch\/it\/wp-json\/wp\/v2\/users\/1"}],"replies":[{"embeddable":true,"href":"https:\/\/freimaurermuseum.ch\/it\/wp-json\/wp\/v2\/comments?post=17239"}],"version-history":[{"count":1,"href":"https:\/\/freimaurermuseum.ch\/it\/wp-json\/wp\/v2\/pages\/17239\/revisions"}],"predecessor-version":[{"id":19556,"href":"https:\/\/freimaurermuseum.ch\/it\/wp-json\/wp\/v2\/pages\/17239\/revisions\/19556"}],"wp:attachment":[{"href":"https:\/\/freimaurermuseum.ch\/it\/wp-json\/wp\/v2\/media?parent=17239"}],"curies":[{"name":"wp","href":"https:\/\/api.w.org\/{rel}","templated":true}]}}