{"id":15024,"date":"2018-06-02T07:06:42","date_gmt":"2018-06-02T05:06:42","guid":{"rendered":"https:\/\/freimaurermuseum.ch\/fms-neu\/politica-di-privacy\/"},"modified":"2024-10-30T15:32:03","modified_gmt":"2024-10-30T14:32:03","slug":"politica-di-privacy","status":"publish","type":"page","link":"https:\/\/freimaurermuseum.ch\/it\/politica-di-privacy\/","title":{"rendered":"Politica di privacy"},"content":{"rendered":"<h1>Politica di privacy<\/h1>\n<p>Trattiamo i dati personali dei nostri utenti solo nella misura necessaria a fornire un sito web funzionale e i nostri contenuti e servizi. Il trattamento dei dati personali dei nostri utenti avviene solo con il consenso dell&#8217;utente. Un&#8217;eccezione si applica nei casi in cui non sia possibile ottenere il consenso preventivo per motivi di fatto e il trattamento dei dati sia consentito dalla legge. I dati personali dell&#8217;interessato saranno cancellati o bloccati non appena lo scopo della conservazione non sar\u00e0 pi\u00f9 valido. I dati possono essere conservati anche se ci\u00f2 \u00e8 stato previsto dal legislatore in regolamenti, leggi o altre disposizioni a cui \u00e8 soggetto il responsabile del trattamento.<\/p>\n<p>I dati saranno inoltre bloccati o cancellati se scade il periodo di conservazione prescritto dalle norme sopra citate, a meno che non sia necessaria un&#8217;ulteriore conservazione dei dati per la conclusione o l&#8217;adempimento di un contratto. Ogni volta che si accede al nostro sito web, il nostro sistema raccoglie automaticamente dati e informazioni dal sistema informatico del computer che accede. Vengono raccolti i seguenti dati:<\/p>\n<ul>\n<li>Informazioni sul tipo e sulla versione del browser utilizzato<\/li>\n<li>Il sistema operativo dell&#8217;utente<\/li>\n<li>L&#8217;indirizzo IP dell&#8217;utente<\/li>\n<li>Data e ora dell&#8217;accesso<\/li>\n<li>I siti web da cui il sistema dell&#8217;utente accede al nostro sito web<\/li>\n<\/ul>\n<p>&nbsp;<\/p>\n<p>I file di log contengono indirizzi IP o altri dati che consentono di assegnare un utente. Questo potrebbe essere il caso, ad esempio, se il link al sito web da cui l&#8217;utente accede al sito o il link al sito web a cui l&#8217;utente passa contiene dati personali. I dati vengono anche memorizzati nei file di log del nostro sistema. Questi dati non vengono memorizzati insieme ad altri dati personali dell&#8217;utente. La memorizzazione temporanea dell&#8217;indirizzo IP da parte del sistema \u00e8 necessaria per consentire la consegna del sito web al computer dell&#8217;utente.<\/p>\n<p>A tal fine, l&#8217;indirizzo IP dell&#8217;utente deve rimanere memorizzato per la durata della sessione. I dati vengono memorizzati in file di log per garantire la funzionalit\u00e0 del sito web. Utilizziamo i dati anche per l&#8217;ottimizzazione tecnica del sito web e per garantire la sicurezza dei nostri sistemi informatici. In questo contesto, i dati non vengono analizzati per scopi di marketing. I dati vengono cancellati non appena non sono pi\u00f9 necessari per soddisfare lo scopo per cui sono stati raccolti. Nel caso della raccolta di dati per la fornitura del sito web, ci\u00f2 avviene al termine della relativa sessione. Se i dati vengono memorizzati nei file di log, ci\u00f2 avviene al pi\u00f9 tardi dopo sette giorni. L&#8217;archiviazione oltre questo periodo \u00e8 possibile. In questo caso, gli indirizzi IP degli utenti vengono cancellati o resi anonimi, in modo che non sia pi\u00f9 possibile identificare il cliente che accede.<\/p>\n<p>La raccolta dei dati per la fornitura del sito web e l&#8217;archiviazione dei dati nei file di log \u00e8 assolutamente necessaria per il funzionamento del sito web. Di conseguenza, l&#8217;utente non ha la possibilit\u00e0 di opporsi. Il nostro sito web utilizza i cookie. I cookie sono file di testo che vengono memorizzati nel browser Internet o dal browser Internet sul sistema informatico dell&#8217;utente. Quando un utente accede a un sito web, un cookie pu\u00f2 essere memorizzato sul sistema operativo dell&#8217;utente. Questo cookie contiene una stringa caratteristica di caratteri che consente di identificare in modo univoco il browser quando il sito web viene richiamato. Sul nostro sito web utilizziamo anche dei cookie che consentono di analizzare il comportamento di navigazione dell&#8217;utente. I seguenti dati possono essere trasmessi in questo modo:<\/p>\n<ul>\n<li>Termini di ricerca inseriti<\/li>\n<li>Frequenza delle visualizzazioni di pagina<\/li>\n<li>Utilizzo delle funzioni del sito web<\/li>\n<\/ul>\n<p>&nbsp;<\/p>\n<p>Al momento dell&#8217;accesso al nostro sito web, l&#8217;utente viene informato sull&#8217;utilizzo dei cookie a scopo di analisi e viene ottenuto il suo consenso al trattamento dei dati personali utilizzati in questo contesto. In questo contesto, si fa riferimento anche alla presente informativa sulla privacy. I cookie di analisi vengono utilizzati per migliorare la qualit\u00e0 del nostro sito web e dei suoi contenuti. Attraverso i cookie di analisi, apprendiamo come viene utilizzato il sito web e possiamo cos\u00ec ottimizzare costantemente la nostra offerta.<\/p>\n<p>I cookie vengono memorizzati sul computer dell&#8217;utente e da l\u00ec trasmessi al nostro sito web. Come utente, ha quindi il pieno controllo sull&#8217;uso dei cookie. Pu\u00f2 disattivare o limitare la memorizzazione dei cookie modificando le impostazioni del suo browser Internet. I cookie gi\u00e0 salvati possono essere cancellati in qualsiasi momento. Questo pu\u00f2 avvenire anche in modo automatico. Se i cookie vengono disattivati per il nostro sito web, potrebbe non essere pi\u00f9 possibile utilizzare appieno tutte le funzioni del sito web. Sul nostro sito web, offriamo agli utenti la possibilit\u00e0 di contattarci fornendo dati personali.<\/p>\n<p>I dati vengono inseriti in una maschera di input, trasmessi a noi e memorizzati. I dati non vengono trasmessi a terzi. I dati vengono cancellati non appena non sono pi\u00f9 necessari per soddisfare lo scopo per cui sono stati raccolti.<\/p>\n","protected":false},"excerpt":{"rendered":"<p>Politica di privacy Trattiamo i dati personali dei nostri utenti solo nella misura necessaria a fornire un sito web funzionale e i nostri contenuti e servizi. Il trattamento dei dati [&hellip;]<\/p>\n","protected":false},"author":1,"featured_media":0,"parent":0,"menu_order":0,"comment_status":"closed","ping_status":"closed","template":"","meta":{"_acf_changed":false,"footnotes":""},"class_list":["post-15024","page","type-page","status-publish","hentry"],"acf":[],"aioseo_notices":[],"_links":{"self":[{"href":"https:\/\/freimaurermuseum.ch\/it\/wp-json\/wp\/v2\/pages\/15024","targetHints":{"allow":["GET"]}}],"collection":[{"href":"https:\/\/freimaurermuseum.ch\/it\/wp-json\/wp\/v2\/pages"}],"about":[{"href":"https:\/\/freimaurermuseum.ch\/it\/wp-json\/wp\/v2\/types\/page"}],"author":[{"embeddable":true,"href":"https:\/\/freimaurermuseum.ch\/it\/wp-json\/wp\/v2\/users\/1"}],"replies":[{"embeddable":true,"href":"https:\/\/freimaurermuseum.ch\/it\/wp-json\/wp\/v2\/comments?post=15024"}],"version-history":[{"count":0,"href":"https:\/\/freimaurermuseum.ch\/it\/wp-json\/wp\/v2\/pages\/15024\/revisions"}],"wp:attachment":[{"href":"https:\/\/freimaurermuseum.ch\/it\/wp-json\/wp\/v2\/media?parent=15024"}],"curies":[{"name":"wp","href":"https:\/\/api.w.org\/{rel}","templated":true}]}}