{"id":14910,"date":"2024-10-29T20:12:09","date_gmt":"2024-10-29T19:12:09","guid":{"rendered":"https:\/\/freimaurermuseum.ch\/fms-neu\/storia-del-museo\/"},"modified":"2024-11-10T17:15:22","modified_gmt":"2024-11-10T16:15:22","slug":"storia-del-museo","status":"publish","type":"page","link":"https:\/\/freimaurermuseum.ch\/it\/storia-del-museo\/","title":{"rendered":"Storia del Museo"},"content":{"rendered":"<h1>Storia del Museo<\/h1>\n<p><a href=\"https:\/\/freimaurermuseum.ch\/wp-content\/uploads\/2016\/01\/FM-Museum_004.jpg\"><img decoding=\"async\" class=\"alignright size-large wp-image-197\" src=\"https:\/\/freimaurermuseum.ch\/wp-content\/uploads\/2016\/01\/FM-Museum_004-1024x684.jpg\" alt=\"\" width=\"350\" srcset=\"https:\/\/freimaurermuseum.ch\/wp-content\/uploads\/2016\/01\/FM-Museum_004-1024x684.jpg 1024w, https:\/\/freimaurermuseum.ch\/wp-content\/uploads\/2016\/01\/FM-Museum_004-600x401.jpg 600w, https:\/\/freimaurermuseum.ch\/wp-content\/uploads\/2016\/01\/FM-Museum_004-300x200.jpg 300w, https:\/\/freimaurermuseum.ch\/wp-content\/uploads\/2016\/01\/FM-Museum_004-768x513.jpg 768w, https:\/\/freimaurermuseum.ch\/wp-content\/uploads\/2016\/01\/FM-Museum_004.jpg 1600w\" sizes=\"(max-width: 1024px) 100vw, 1024px\" \/><\/a>Esistono innumerevoli musei \u2013 e aumenteranno sempre. Molti di questi sono sontuosi, dispongono di grandi mezzi e sono pienamente consapevoli di quanto possono mettere in mostra. Altri devono accontentarsi di risorse limitate e lottare ininterrottamente per la propria sopravvivenza. Ci\u00f2 che tutti desiderano e di cui devono vivere, \u00e8 l\u2019interesse della gente \u2013 il bene pi\u00f9 prezioso, per il quale tutti combattono con veemenza. Ma \u00e8 proprio necessario, o saggio, partecipare a questa lotta \u2013 visto che i Massoni sono sempre stati molto riservati nei confronti del pubblico? Un gruppo di entusiasti, dapprima esiguo, si mise all\u2019opera, nonostante le difficolt\u00e0, con l\u2019intento di realizzare il primo Museo Massonico della Svizzera. I membri di questo gruppo erano, e sono tuttora, ben consapevoli che l\u2019attenzione del pubblico nei loro confronti non manca mai. Ma sanno anche che molta gente, la quale pretende di sapere tutto sulla Massoneria, non vede l\u2019ora di diffondere tra il pubblico le loro errate opinioni, attribuendo alla Massoneria ogni male di questa terra, non trovando altri, sui quali riversare le colpe e le responsabilit\u00e0. Occorrono quindi urgentemente dei chiarimenti. E fa sicuramente piacere a chiunque scoprire il significato della filosofia trascendentale umanitaria della Massoneria in tempi in cui l\u2019egoistico interesse individuale ha ripreso piede in ogni attivit\u00e0.<\/p>\n<p><a href=\"https:\/\/freimaurermuseum.ch\/wp-content\/uploads\/2016\/11\/FMS_Teppich_014.jpg\"><img decoding=\"async\" class=\"alignright size-large wp-image-1621\" src=\"https:\/\/freimaurermuseum.ch\/wp-content\/uploads\/2016\/11\/FMS_Teppich_014-1024x626.jpg\" alt=\"\" width=\"350\" srcset=\"https:\/\/freimaurermuseum.ch\/wp-content\/uploads\/2016\/11\/FMS_Teppich_014-1024x626.jpg 1024w, https:\/\/freimaurermuseum.ch\/wp-content\/uploads\/2016\/11\/FMS_Teppich_014-600x367.jpg 600w, https:\/\/freimaurermuseum.ch\/wp-content\/uploads\/2016\/11\/FMS_Teppich_014-300x183.jpg 300w, https:\/\/freimaurermuseum.ch\/wp-content\/uploads\/2016\/11\/FMS_Teppich_014-250x153.jpg 250w, https:\/\/freimaurermuseum.ch\/wp-content\/uploads\/2016\/11\/FMS_Teppich_014-550x336.jpg 550w, https:\/\/freimaurermuseum.ch\/wp-content\/uploads\/2016\/11\/FMS_Teppich_014-800x489.jpg 800w, https:\/\/freimaurermuseum.ch\/wp-content\/uploads\/2016\/11\/FMS_Teppich_014-295x180.jpg 295w, https:\/\/freimaurermuseum.ch\/wp-content\/uploads\/2016\/11\/FMS_Teppich_014-491x300.jpg 491w, https:\/\/freimaurermuseum.ch\/wp-content\/uploads\/2016\/11\/FMS_Teppich_014-818x500.jpg 818w, https:\/\/freimaurermuseum.ch\/wp-content\/uploads\/2016\/11\/FMS_Teppich_014.jpg 1280w\" sizes=\"(max-width: 1024px) 100vw, 1024px\" \/><\/a>Per creare un museo, occorre dapprima conoscerne l\u2019ubicazione. Per il Museo Massonico Svizzero la risposta fu facile, in quanto il grande progetto della \u00abFondazione Casa dei Liberi Muratori\u00bb ne conteneva gi\u00e0 la premessa. Questa Fondazione realizz\u00f2, acquistando e ristrutturando la vecchia Centrale Swisscom, situata alla Jupiterstrasse 40, 3015 Berna, la Casa dei Liberi Muratori. Al terzo piano, dal maggio 2013, ha la sua sede la Gran Loggia Svizzera Alpina (GLSA). Il secondo piano, per contro, dove si trovava l\u2019officina Swisscom, era sin dall\u2019inizio predestinato al futuro Museo Massonico. L\u2019allestimento, la gestione e lo sviluppo del museo vennero affidati all\u2019\u00abAssociazione Museo GLSA\u00bb fondata anch\u2019essa nel 2013. Grazie a generose donazioni e importanti prestiti da parte di Massoni, di varie Logge e della GLSA, ma anche grazie a collezionisti e Logge che hanno regalato o prestato oggetti d\u2019esposizione, il museo ha potuto essere realizzato e, infine, aperto il 21 marzo 2017 ai Massoni e alle loro famiglie, e il 4 novembre 2018, ufficialmente, al grande pubblico.<\/p>\n<p><a href=\"https:\/\/freimaurermuseum.ch\/wp-content\/uploads\/2016\/11\/FMS_Teppich_009.jpg\"><img decoding=\"async\" class=\"alignright size-large wp-image-1601\" src=\"https:\/\/freimaurermuseum.ch\/wp-content\/uploads\/2016\/11\/FMS_Teppich_009-1024x635.jpg\" alt=\"\" width=\"350\" srcset=\"https:\/\/freimaurermuseum.ch\/wp-content\/uploads\/2016\/11\/FMS_Teppich_009-1024x635.jpg 1024w, https:\/\/freimaurermuseum.ch\/wp-content\/uploads\/2016\/11\/FMS_Teppich_009-600x372.jpg 600w, https:\/\/freimaurermuseum.ch\/wp-content\/uploads\/2016\/11\/FMS_Teppich_009-300x186.jpg 300w, https:\/\/freimaurermuseum.ch\/wp-content\/uploads\/2016\/11\/FMS_Teppich_009-250x155.jpg 250w, https:\/\/freimaurermuseum.ch\/wp-content\/uploads\/2016\/11\/FMS_Teppich_009-550x341.jpg 550w, https:\/\/freimaurermuseum.ch\/wp-content\/uploads\/2016\/11\/FMS_Teppich_009-800x496.jpg 800w, https:\/\/freimaurermuseum.ch\/wp-content\/uploads\/2016\/11\/FMS_Teppich_009-290x180.jpg 290w, https:\/\/freimaurermuseum.ch\/wp-content\/uploads\/2016\/11\/FMS_Teppich_009-484x300.jpg 484w, https:\/\/freimaurermuseum.ch\/wp-content\/uploads\/2016\/11\/FMS_Teppich_009-806x500.jpg 806w, https:\/\/freimaurermuseum.ch\/wp-content\/uploads\/2016\/11\/FMS_Teppich_009.jpg 1280w\" sizes=\"(max-width: 1024px) 100vw, 1024px\" \/><\/a>Due terzi della superficie museale, di complessivamente 300 m2, sono adibiti all\u2019esposizione che introduce il visitatore nella storia internazionale e svizzera della Massoneria. Una storia che mostra in modo esemplare la spiritualit\u00e0 e il mondo ritualistico che questo movimento mondiale diffonde in innumerevoli ambiti pubblici e culturali della nostra societ\u00e0. Il rimanente terzo della superficie \u00e8 destinato a manifestazioni ed esposizioni particolari. Il percorso espositivo, allestito con una sequenza di scenari, tutti muniti di dettagliate didascalie, permette un immediato approccio con la Massoneria e l\u2019accesso al pensiero massonico; un cammino didattico sicuramente utile, sia per l\u2019esperto come per il profano. Da notare che ogni visita pu\u00f2 essere accompagnata da un Massone che d\u00e0 spiegazioni e risponde alle domande. Il colloquio \u00e8 di vitale importanza. Il museo non \u00e8 soltanto un luogo di informazioni qualificate, ma anche \u2013 e soprattutto \u2013 una piattaforma di discussione. Auguriamo a tutti una visita piacevole e istruttiva del nostro museo! Link per <a href=\"https:\/\/freimaurermuseum.ch\/wp-content\/uploads\/2021\/03\/Museumsgeschichte-Chronik-Teil-1-DE.pdf\" target=\"_blank\" rel=\"noopener\">scaricare la cronaca del museo, parte 1<\/a><\/p>\n","protected":false},"excerpt":{"rendered":"<p>Esistono innumerevoli musei \u2013 e aumenteranno sempre. Molti di questi sono sontuosi, dispongono di grandi mezzi e sono pienamente consapevoli di quanto possono mettere in mostra. Altri devono accontentarsi di risorse limitate e lottare ininterrottamente per la propria sopravvivenza.<\/p>\n","protected":false},"author":1,"featured_media":0,"parent":0,"menu_order":0,"comment_status":"closed","ping_status":"closed","template":"","meta":{"_acf_changed":false,"footnotes":""},"class_list":["post-14910","page","type-page","status-publish","hentry"],"acf":[],"aioseo_notices":[],"_links":{"self":[{"href":"https:\/\/freimaurermuseum.ch\/it\/wp-json\/wp\/v2\/pages\/14910","targetHints":{"allow":["GET"]}}],"collection":[{"href":"https:\/\/freimaurermuseum.ch\/it\/wp-json\/wp\/v2\/pages"}],"about":[{"href":"https:\/\/freimaurermuseum.ch\/it\/wp-json\/wp\/v2\/types\/page"}],"author":[{"embeddable":true,"href":"https:\/\/freimaurermuseum.ch\/it\/wp-json\/wp\/v2\/users\/1"}],"replies":[{"embeddable":true,"href":"https:\/\/freimaurermuseum.ch\/it\/wp-json\/wp\/v2\/comments?post=14910"}],"version-history":[{"count":0,"href":"https:\/\/freimaurermuseum.ch\/it\/wp-json\/wp\/v2\/pages\/14910\/revisions"}],"wp:attachment":[{"href":"https:\/\/freimaurermuseum.ch\/it\/wp-json\/wp\/v2\/media?parent=14910"}],"curies":[{"name":"wp","href":"https:\/\/api.w.org\/{rel}","templated":true}]}}