{"id":14779,"date":"2020-04-12T12:47:17","date_gmt":"2020-04-12T10:47:17","guid":{"rendered":"https:\/\/freimaurermuseum.ch\/fms-neu\/video-ritratti\/"},"modified":"2024-11-10T17:36:26","modified_gmt":"2024-11-10T16:36:26","slug":"video-ritratti","status":"publish","type":"page","link":"https:\/\/freimaurermuseum.ch\/it\/video-ritratti\/","title":{"rendered":"Video Ritratti"},"content":{"rendered":"<h1>Ritratti video del museo<\/h1>\n<div class='content-column one_half'>Difficilmente la Massoneria pu\u00f2 essere spiegata o afferrata in pochi minuti. Una visita al nostro museo e una chiacchierata con i massoni, che sono sempre disponibili per le visite guidate e per rispondere alle domande, passano rapidamente in un&#8217;ora o due.<\/p>\n<p>Tuttavia, ci sono ragioni per cui una visita personale non \u00e8 sempre possibile. Che sia per motivi di tempo, perch\u00e9 si trova all&#8217;estero o perch\u00e9 si \u00e8 appena messo comodo a casa, ma desidera comunque dare un&#8217;occhiata al museo. <\/p>\n<p>Pertanto, la invitiamo cordialmente a visitare il nostro museo virtualmente attraverso questo video tour di 12 minuti e il breve ritratto. <\/p>\n<p><\/div>\n<div class='content-column one_half last_column'><div style=\"padding-left:30px;\"><p><div style=\"width: 560px;\" class=\"wp-video\"><video class=\"wp-video-shortcode\" id=\"video-14779-1\" width=\"560\" height=\"296\" poster=\"https:\/\/freimaurermuseum.ch\/wp-content\/uploads\/2020\/04\/Rundgang-Thumbnail-IT-scaled.jpg\" preload=\"metadata\" controls=\"controls\"><source type=\"video\/mp4\" src=\"https:\/\/freimaurermuseum.ch\/wp-content\/uploads\/2024\/10\/FMS-Rundgang-IT.mp4?_=1\" \/><a href=\"https:\/\/freimaurermuseum.ch\/wp-content\/uploads\/2024\/10\/FMS-Rundgang-IT.mp4\">https:\/\/freimaurermuseum.ch\/wp-content\/uploads\/2024\/10\/FMS-Rundgang-IT.mp4<\/a><\/video><\/div><br \/>\n&nbsp;<br \/>\n&nbsp;<br \/>\nBreve ritratto del museo (in inglese)<br \/>\n&nbsp;<br \/>\n<div style=\"width: 560px;\" class=\"wp-video\"><video class=\"wp-video-shortcode\" id=\"video-14779-2\" width=\"560\" height=\"332\" preload=\"metadata\" controls=\"controls\"><source type=\"video\/mp4\" src=\"https:\/\/freimaurermuseum.ch\/wp-content\/uploads\/2024\/10\/FMS-Presentation.mp4?_=2\" \/><a href=\"https:\/\/freimaurermuseum.ch\/wp-content\/uploads\/2024\/10\/FMS-Presentation.mp4\">https:\/\/freimaurermuseum.ch\/wp-content\/uploads\/2024\/10\/FMS-Presentation.mp4<\/a><\/video><\/div><\/p><\/div><\/div><div class='clear_column'><\/div><br \/>\n&nbsp;<br \/>\n&nbsp;<\/p>\n","protected":false},"excerpt":{"rendered":"<p>Difficilmente la Massoneria pu\u00f2 essere spiegata o riassunta in pochi minuti. Pertanto, la invitiamo cordialmente a visitare il nostro museo virtualmente attraverso questo video tour di 12 minuti e il breve ritratto. <\/p>\n","protected":false},"author":1,"featured_media":0,"parent":0,"menu_order":0,"comment_status":"closed","ping_status":"closed","template":"","meta":{"_acf_changed":false,"footnotes":""},"class_list":["post-14779","page","type-page","status-publish","hentry"],"acf":[],"aioseo_notices":[],"_links":{"self":[{"href":"https:\/\/freimaurermuseum.ch\/it\/wp-json\/wp\/v2\/pages\/14779","targetHints":{"allow":["GET"]}}],"collection":[{"href":"https:\/\/freimaurermuseum.ch\/it\/wp-json\/wp\/v2\/pages"}],"about":[{"href":"https:\/\/freimaurermuseum.ch\/it\/wp-json\/wp\/v2\/types\/page"}],"author":[{"embeddable":true,"href":"https:\/\/freimaurermuseum.ch\/it\/wp-json\/wp\/v2\/users\/1"}],"replies":[{"embeddable":true,"href":"https:\/\/freimaurermuseum.ch\/it\/wp-json\/wp\/v2\/comments?post=14779"}],"version-history":[{"count":0,"href":"https:\/\/freimaurermuseum.ch\/it\/wp-json\/wp\/v2\/pages\/14779\/revisions"}],"wp:attachment":[{"href":"https:\/\/freimaurermuseum.ch\/it\/wp-json\/wp\/v2\/media?parent=14779"}],"curies":[{"name":"wp","href":"https:\/\/api.w.org\/{rel}","templated":true}]}}