{"id":15023,"date":"2018-06-02T07:06:42","date_gmt":"2018-06-02T05:06:42","guid":{"rendered":"https:\/\/freimaurermuseum.ch\/fms-neu\/declaration-de-confidentialite\/"},"modified":"2024-10-30T15:31:08","modified_gmt":"2024-10-30T14:31:08","slug":"declaration-de-confidentialite","status":"publish","type":"page","link":"https:\/\/freimaurermuseum.ch\/fr\/declaration-de-confidentialite\/","title":{"rendered":"D\u00e9claration de confidentialit\u00e9"},"content":{"rendered":"<h1>D\u00e9claration de confidentialit\u00e9<\/h1>\n<p>Nous ne traitons les donn\u00e9es personnelles de nos utilisateurs que dans la mesure o\u00f9 cela est n\u00e9cessaire pour mettre \u00e0 disposition un site Internet fonctionnel ainsi que nos contenus et prestations. Le traitement des donn\u00e9es personnelles de nos utilisateurs n&rsquo;a lieu qu&rsquo;avec le consentement de l&rsquo;utilisateur. Une exception s&rsquo;applique dans les cas o\u00f9 l&rsquo;obtention pr\u00e9alable d&rsquo;un consentement n&rsquo;est pas possible pour des raisons r\u00e9elles et o\u00f9 le traitement des donn\u00e9es est autoris\u00e9 par des dispositions l\u00e9gales.<\/p>\n<p>Les donn\u00e9es \u00e0 caract\u00e8re personnel de la personne concern\u00e9e sont effac\u00e9es ou bloqu\u00e9es d\u00e8s que la finalit\u00e9 du stockage n&rsquo;est plus applicable. Un stockage peut en outre avoir lieu si le l\u00e9gislateur l&rsquo;a pr\u00e9vu dans des r\u00e8glements, des lois ou d&rsquo;autres dispositions auxquelles le responsable est soumis. Les donn\u00e9es sont \u00e9galement bloqu\u00e9es ou supprim\u00e9es lorsqu&rsquo;un d\u00e9lai de stockage prescrit par les normes mentionn\u00e9es expire, \u00e0 moins qu&rsquo;il ne soit n\u00e9cessaire de continuer \u00e0 stocker les donn\u00e9es pour la conclusion ou l&rsquo;ex\u00e9cution d&rsquo;un contrat. Chaque fois que vous consultez notre site Internet, notre syst\u00e8me collecte automatiquement des donn\u00e9es et des informations \u00e0 partir du syst\u00e8me informatique de l&rsquo;ordinateur appelant. Les donn\u00e9es suivantes sont collect\u00e9es \u00e0 cette occasion :<\/p>\n<ul>\n<li>Informations sur le type de navigateur et la version utilis\u00e9e<\/li>\n<li>Le syst\u00e8me d&rsquo;exploitation de l&rsquo;utilisateur<\/li>\n<li>L&rsquo;adresse IP de l&rsquo;utilisateur<\/li>\n<li>Date et heure de l&rsquo;acc\u00e8s<\/li>\n<li>Sites Internet \u00e0 partir desquels le syst\u00e8me de l&rsquo;utilisateur acc\u00e8de \u00e0 notre site Internet<\/li>\n<\/ul>\n<p>&nbsp;<\/p>\n<p>Les fichiers journaux contiennent des adresses IP ou d&rsquo;autres donn\u00e9es qui permettent d&rsquo;\u00e9tablir un lien avec un utilisateur. Cela pourrait \u00eatre le cas, par exemple, si le lien vers le site web \u00e0 partir duquel l&rsquo;utilisateur acc\u00e8de au site web ou le lien vers le site web vers lequel l&rsquo;utilisateur se dirige contient des donn\u00e9es \u00e0 caract\u00e8re personnel. Ces donn\u00e9es sont \u00e9galement enregistr\u00e9es dans les fichiers journaux de notre syst\u00e8me. Ces donn\u00e9es ne sont pas stock\u00e9es avec d&rsquo;autres donn\u00e9es personnelles de l&rsquo;utilisateur. Le stockage temporaire de l&rsquo;adresse IP par le syst\u00e8me est n\u00e9cessaire pour permettre la livraison du site Web \u00e0 l&rsquo;ordinateur de l&rsquo;utilisateur. Pour cela, l&rsquo;adresse IP de l&rsquo;utilisateur doit rester enregistr\u00e9e pendant la dur\u00e9e de la session.<\/p>\n<p>Le stockage dans des fichiers journaux est effectu\u00e9 pour garantir le bon fonctionnement du site web. En outre, les donn\u00e9es nous servent \u00e0 optimiser techniquement le site web et \u00e0 assurer la s\u00e9curit\u00e9 de nos syst\u00e8mes informatiques. Une \u00e9valuation des donn\u00e9es \u00e0 des fins de marketing n&rsquo;a pas lieu dans ce contexte. Les donn\u00e9es sont supprim\u00e9es d\u00e8s qu&rsquo;elles ne sont plus n\u00e9cessaires \u00e0 la r\u00e9alisation de l&rsquo;objectif pour lequel elles ont \u00e9t\u00e9 collect\u00e9es. Dans le cas de la collecte des donn\u00e9es pour la mise \u00e0 disposition du site web, c&rsquo;est le cas lorsque la session respective est termin\u00e9e.<\/p>\n<p>En cas de stockage des donn\u00e9es dans des fichiers journaux, cela se produit au plus tard apr\u00e8s sept jours. Un stockage plus long est possible. Dans ce cas, les adresses IP des utilisateurs sont supprim\u00e9es ou modifi\u00e9es, de sorte qu&rsquo;il n&rsquo;est plus possible d&rsquo;attribuer le client appelant. La collecte des donn\u00e9es pour la mise \u00e0 disposition du site web et le stockage des donn\u00e9es dans des fichiers journaux sont absolument n\u00e9cessaires pour le fonctionnement du site web. L&rsquo;utilisateur ne peut donc pas s&rsquo;y opposer. Notre site Internet utilise des cookies. Les cookies sont des fichiers texte qui sont stock\u00e9s dans le navigateur Internet ou par le navigateur Internet sur le syst\u00e8me informatique de l&rsquo;utilisateur.<\/p>\n<p>Lorsqu&rsquo;un utilisateur consulte un site web, un cookie peut \u00eatre enregistr\u00e9 sur le syst\u00e8me d&rsquo;exploitation de l&rsquo;utilisateur. Ce cookie contient une cha\u00eene de caract\u00e8res caract\u00e9ristique qui permet d&rsquo;identifier clairement le navigateur lorsque l&rsquo;utilisateur revient sur le site. Nous utilisons en outre sur notre site web des cookies qui permettent d&rsquo;analyser le comportement de navigation des utilisateurs. Les donn\u00e9es suivantes peuvent \u00eatre transmises de cette mani\u00e8re :<\/p>\n<ul>\n<li>Termes de recherche saisis<\/li>\n<li>H\u00e4ufigkeit von Seitenaufrufen<\/li>\n<li>Utilisation des fonctionnalit\u00e9s du site web<\/li>\n<\/ul>\n<p>&nbsp;<\/p>\n<p>Lorsque l&rsquo;utilisateur acc\u00e8de \u00e0 notre site web, il est inform\u00e9 de l&rsquo;utilisation de cookies \u00e0 des fins d&rsquo;analyse et son consentement est demand\u00e9 pour le traitement des donn\u00e9es personnelles utilis\u00e9es dans ce contexte. Dans ce contexte, il est \u00e9galement fait r\u00e9f\u00e9rence \u00e0 la pr\u00e9sente d\u00e9claration de confidentialit\u00e9. L&rsquo;utilisation des cookies d&rsquo;analyse a pour but d&rsquo;am\u00e9liorer la qualit\u00e9 de notre site web et de son contenu. Les cookies d&rsquo;analyse nous permettent de savoir comment le site web est utilis\u00e9 et d&rsquo;optimiser ainsi en permanence notre offre.<\/p>\n<p>Les cookies sont stock\u00e9s sur l&rsquo;ordinateur de l&rsquo;utilisateur et transmis par celui-ci \u00e0 notre site. Par cons\u00e9quent, en tant qu&rsquo;utilisateur, vous avez \u00e9galement un contr\u00f4le total sur l&rsquo;utilisation des cookies. En modifiant les param\u00e8tres de votre navigateur Internet, vous pouvez d\u00e9sactiver ou limiter le stockage des cookies. Les cookies d\u00e9j\u00e0 enregistr\u00e9s peuvent \u00eatre supprim\u00e9s \u00e0 tout moment. Cela peut \u00e9galement \u00eatre fait de mani\u00e8re automatis\u00e9e. Si les cookies sont d\u00e9sactiv\u00e9s pour notre site web, il est possible que vous ne puissiez plus utiliser toutes les fonctions du site web. Sur notre site Internet, nous offrons aux utilisateurs la possibilit\u00e9 de nous contacter en fournissant des donn\u00e9es \u00e0 caract\u00e8re personnel.<\/p>\n<p>Les donn\u00e9es sont saisies dans un masque de saisie et nous sont transmises et enregistr\u00e9es. Les donn\u00e9es ne sont pas transmises \u00e0 des tiers. Les donn\u00e9es sont effac\u00e9es d\u00e8s qu&rsquo;elles ne sont plus n\u00e9cessaires \u00e0 la r\u00e9alisation de l&rsquo;objectif pour lequel elles ont \u00e9t\u00e9 collect\u00e9es.<\/p>\n","protected":false},"excerpt":{"rendered":"<p>D\u00e9claration de confidentialit\u00e9 Nous ne traitons les donn\u00e9es personnelles de nos utilisateurs que dans la mesure o\u00f9 cela est n\u00e9cessaire pour mettre \u00e0 disposition un site Internet fonctionnel ainsi que [&hellip;]<\/p>\n","protected":false},"author":1,"featured_media":0,"parent":0,"menu_order":0,"comment_status":"closed","ping_status":"closed","template":"","meta":{"_acf_changed":false,"footnotes":""},"class_list":["post-15023","page","type-page","status-publish","hentry"],"acf":[],"aioseo_notices":[],"_links":{"self":[{"href":"https:\/\/freimaurermuseum.ch\/fr\/wp-json\/wp\/v2\/pages\/15023","targetHints":{"allow":["GET"]}}],"collection":[{"href":"https:\/\/freimaurermuseum.ch\/fr\/wp-json\/wp\/v2\/pages"}],"about":[{"href":"https:\/\/freimaurermuseum.ch\/fr\/wp-json\/wp\/v2\/types\/page"}],"author":[{"embeddable":true,"href":"https:\/\/freimaurermuseum.ch\/fr\/wp-json\/wp\/v2\/users\/1"}],"replies":[{"embeddable":true,"href":"https:\/\/freimaurermuseum.ch\/fr\/wp-json\/wp\/v2\/comments?post=15023"}],"version-history":[{"count":0,"href":"https:\/\/freimaurermuseum.ch\/fr\/wp-json\/wp\/v2\/pages\/15023\/revisions"}],"wp:attachment":[{"href":"https:\/\/freimaurermuseum.ch\/fr\/wp-json\/wp\/v2\/media?parent=15023"}],"curies":[{"name":"wp","href":"https:\/\/api.w.org\/{rel}","templated":true}]}}