{"id":15000,"date":"2016-01-07T10:49:39","date_gmt":"2016-01-07T09:49:39","guid":{"rendered":"https:\/\/freimaurermuseum.ch\/fms-neu\/contact\/"},"modified":"2025-01-29T11:55:44","modified_gmt":"2025-01-29T10:55:44","slug":"contact","status":"publish","type":"page","link":"https:\/\/freimaurermuseum.ch\/fr\/contact\/","title":{"rendered":"Contact"},"content":{"rendered":"<h1>Contact<\/h1>\n<div class='content-column one_half'><div style=\"padding-right:30px;\"><h3>Accessibilit\u00e9<\/h3>\n<p>Tram n\u00b0 8 depuis la gare de Berne jusqu&rsquo;au terminus Saali.<br \/>\n&nbsp;<br \/>\nSortie d&rsquo;autoroute Ostring.<br \/>\nDes places de parking sont disponibles devant et \u00e0 c\u00f4t\u00e9 de l&rsquo;immeuble.<br \/>\n&nbsp;<\/p>\n<h3>Heures d&rsquo;ouverture<\/h3>\n<p><!--strong><span style=\"color: #800000;\">Das Museum bleibt am 23.03.2019 geschlossen<\/span><\/strong-->Le mus\u00e9e est ouvert tous les samedis de 10h00 \u00e0 16h00. En semaine, des visites guid\u00e9es pour les groupes peuvent \u00eatre organis\u00e9es individuellement sur demande. <\/p>\n<p>L&rsquo;entr\u00e9e co\u00fbte 20 CHF par personne et 15 CHF pour les \u00e9tudiants. L&rsquo;entr\u00e9e est gratuite pour les <a href=\"https:\/\/freimaurermuseum.ch\/fr\/adhesion\/\">membres du mus\u00e9e<\/a>.<\/p>\n<p>Pour toutes les visites, un franc-ma\u00e7on est disponible en tant que guide comp\u00e9tent. <\/p>\n<p>&nbsp;<br \/><\/div><\/div><div class='content-column one_half last_column'><iframe src=\"https:\/\/www.google.com\/maps\/embed?pb=!1m14!1m8!1m3!1d10896.812753918104!2d7.485636!3d46.9380455!3m2!1i1024!2i768!4f13.1!3m3!1m2!1s0x0%3A0x285ff10952155b19!2sFreimaurer%20Museum%20Schweiz!5e0!3m2!1sde!2sch!4v1576331726540!5m2!1sde!2sch\" width=\"100%\" height=\"450\" frameborder=\"0\" style=\"border:0;\" allowfullscreen=\"\"><\/iframe><\/div><div class='clear_column'><\/div><\/p>\n<h3>Contactez-nous<\/h3>\n<p>Demandes g\u00e9n\u00e9rales : <a href=\"mailto:info@freimaurermuseum.ch\">info@freimaurermuseum.ch<\/a><br \/>\nDemandes de presse :  <a href=\"mailto:media@freimaurermuseum.ch\">media@freimaurermuseum.ch<\/a><br \/>\nQuestions sur la Lounge: <a href=\"mailto:lounge@freimaurermuseum.ch\">lounge@freimaurermuseum.ch<\/a><br \/>\n&nbsp;<br \/>\nMus\u00e9e Ma\u00e7onnique Suisse<br \/>\nJupiterstrasse 40<br \/>\nCH-3015 Bern<br \/>\n&nbsp;<br \/>\n&nbsp;<\/p>\n","protected":false},"excerpt":{"rendered":"<p>Le mus\u00e9e est ouvert tous les samedis de 10h00 \u00e0 16h00. L&rsquo;entr\u00e9e co\u00fbte 20 CHF et comprend une visite guid\u00e9e par des francs-ma\u00e7ons exp\u00e9riment\u00e9s.<\/p>\n","protected":false},"author":1,"featured_media":0,"parent":0,"menu_order":0,"comment_status":"closed","ping_status":"closed","template":"","meta":{"_acf_changed":false,"footnotes":""},"class_list":["post-15000","page","type-page","status-publish","hentry"],"acf":[],"aioseo_notices":[],"_links":{"self":[{"href":"https:\/\/freimaurermuseum.ch\/fr\/wp-json\/wp\/v2\/pages\/15000","targetHints":{"allow":["GET"]}}],"collection":[{"href":"https:\/\/freimaurermuseum.ch\/fr\/wp-json\/wp\/v2\/pages"}],"about":[{"href":"https:\/\/freimaurermuseum.ch\/fr\/wp-json\/wp\/v2\/types\/page"}],"author":[{"embeddable":true,"href":"https:\/\/freimaurermuseum.ch\/fr\/wp-json\/wp\/v2\/users\/1"}],"replies":[{"embeddable":true,"href":"https:\/\/freimaurermuseum.ch\/fr\/wp-json\/wp\/v2\/comments?post=15000"}],"version-history":[{"count":0,"href":"https:\/\/freimaurermuseum.ch\/fr\/wp-json\/wp\/v2\/pages\/15000\/revisions"}],"wp:attachment":[{"href":"https:\/\/freimaurermuseum.ch\/fr\/wp-json\/wp\/v2\/media?parent=15000"}],"curies":[{"name":"wp","href":"https:\/\/api.w.org\/{rel}","templated":true}]}}