{"id":14776,"date":"2020-04-12T12:47:17","date_gmt":"2020-04-12T10:47:17","guid":{"rendered":"https:\/\/freimaurermuseum.ch\/fms-neu\/portraits-video\/"},"modified":"2024-11-10T17:36:04","modified_gmt":"2024-11-10T16:36:04","slug":"portraits-video","status":"publish","type":"page","link":"https:\/\/freimaurermuseum.ch\/fr\/portraits-video\/","title":{"rendered":"Portraits vid\u00e9o"},"content":{"rendered":"<h1>Portraits vid\u00e9o du mus\u00e9e<\/h1>\n<div class='content-column one_half'>La franc-ma\u00e7onnerie peut difficilement \u00eatre expliqu\u00e9e ou comprise en quelques minutes. La visite de notre mus\u00e9e et l\u2019\u00e9change avec les francs-ma\u00e7ons, qui sont toujours disponibles pour des visites guid\u00e9es et pour r\u00e9pondre aux questions, prend rapidement une \u00e0 deux heures.<\/p>\n<p>N\u00e9anmoins, il y a des raisons pour lesquelles une visite personnelle n&rsquo;est pas toujours possible. Que ce soit par manque de temps, parce que vous \u00eates \u00e0 l&rsquo;\u00e9tranger ou parce que vous \u00eates confortablement install\u00e9 chez vous, mais que vous souhaitez tout de m\u00eame jeter un coup d&rsquo;\u0153il au mus\u00e9e. <\/p>\n<p>Nous vous invitons donc \u00e0 visiter virtuellement notre mus\u00e9e gr\u00e2ce \u00e0 cette visite vid\u00e9o de 12 minutes et au bref portrait. <\/p>\n<p><\/div>\n<div class='content-column one_half last_column'><div style=\"padding-left:30px;\"><p><div style=\"width: 560px;\" class=\"wp-video\"><video class=\"wp-video-shortcode\" id=\"video-14776-1\" width=\"560\" height=\"296\" poster=\"https:\/\/freimaurermuseum.ch\/wp-content\/uploads\/2020\/04\/Rundgang-Thumbnail-FR-scaled.jpg\" preload=\"metadata\" controls=\"controls\"><source type=\"video\/mp4\" src=\"https:\/\/freimaurermuseum.ch\/wp-content\/uploads\/2024\/10\/FMS-Rundgang-FR.mp4?_=1\" \/><a href=\"https:\/\/freimaurermuseum.ch\/wp-content\/uploads\/2024\/10\/FMS-Rundgang-FR.mp4\">https:\/\/freimaurermuseum.ch\/wp-content\/uploads\/2024\/10\/FMS-Rundgang-FR.mp4<\/a><\/video><\/div><br \/>\n&nbsp;<br \/>\n&nbsp;<br \/>\nBref portrait du mus\u00e9e (anglais)<br \/>\n&nbsp;<br \/>\n<div style=\"width: 560px;\" class=\"wp-video\"><video class=\"wp-video-shortcode\" id=\"video-14776-2\" width=\"560\" height=\"332\" preload=\"metadata\" controls=\"controls\"><source type=\"video\/mp4\" src=\"https:\/\/freimaurermuseum.ch\/wp-content\/uploads\/2024\/10\/FMS-Presentation.mp4?_=2\" \/><a href=\"https:\/\/freimaurermuseum.ch\/wp-content\/uploads\/2024\/10\/FMS-Presentation.mp4\">https:\/\/freimaurermuseum.ch\/wp-content\/uploads\/2024\/10\/FMS-Presentation.mp4<\/a><\/video><\/div><\/p><\/div><\/div><div class='clear_column'><\/div><br \/>\n&nbsp;<br \/>\n&nbsp;<\/p>\n","protected":false},"excerpt":{"rendered":"<p>Il est difficile d&rsquo;expliquer ou de saisir la franc-ma\u00e7onnerie en quelques minutes. Nous vous invitons donc \u00e0 visiter virtuellement notre mus\u00e9e, via cette visite vid\u00e9o de 12 minutes et le bref portrait. <\/p>\n","protected":false},"author":1,"featured_media":0,"parent":0,"menu_order":0,"comment_status":"closed","ping_status":"closed","template":"","meta":{"_acf_changed":false,"footnotes":""},"class_list":["post-14776","page","type-page","status-publish","hentry"],"acf":[],"aioseo_notices":[],"_links":{"self":[{"href":"https:\/\/freimaurermuseum.ch\/fr\/wp-json\/wp\/v2\/pages\/14776","targetHints":{"allow":["GET"]}}],"collection":[{"href":"https:\/\/freimaurermuseum.ch\/fr\/wp-json\/wp\/v2\/pages"}],"about":[{"href":"https:\/\/freimaurermuseum.ch\/fr\/wp-json\/wp\/v2\/types\/page"}],"author":[{"embeddable":true,"href":"https:\/\/freimaurermuseum.ch\/fr\/wp-json\/wp\/v2\/users\/1"}],"replies":[{"embeddable":true,"href":"https:\/\/freimaurermuseum.ch\/fr\/wp-json\/wp\/v2\/comments?post=14776"}],"version-history":[{"count":0,"href":"https:\/\/freimaurermuseum.ch\/fr\/wp-json\/wp\/v2\/pages\/14776\/revisions"}],"wp:attachment":[{"href":"https:\/\/freimaurermuseum.ch\/fr\/wp-json\/wp\/v2\/media?parent=14776"}],"curies":[{"name":"wp","href":"https:\/\/api.w.org\/{rel}","templated":true}]}}