{"id":14716,"date":"2016-01-17T12:32:08","date_gmt":"2016-01-17T11:32:08","guid":{"rendered":"https:\/\/freimaurermuseum.ch\/fms-neu\/a-propos-de-la-franc-maconnerie\/"},"modified":"2024-11-10T17:28:11","modified_gmt":"2024-11-10T16:28:11","slug":"a-propos-de-la-franc-maconnerie","status":"publish","type":"page","link":"https:\/\/freimaurermuseum.ch\/fr\/a-propos-de-la-franc-maconnerie\/","title":{"rendered":"A propos de la Franc-Ma\u00e7onnerie"},"content":{"rendered":"<h1>A propos de la Franc-Ma\u00e7onnerie<\/h1>\n<p>&nbsp;<\/p>\n<h3>L&rsquo;expression \u00ab\u00a0Franc-Ma\u00e7onnerie\u00a0\u00bb<\/h3>\n<p>L&rsquo;expression \u00ab\u00a0Free Mason\u00a0\u00bb appara\u00eet pour la premi\u00e8re fois dans une note datant de 1375 \u00e0 propos d&rsquo;une r\u00e9union des guildes de la ville de Londres. Le mot \u00ab\u00a0Mason\u00a0\u00bb est d&rsquo;origine franco-normande (masoun, massone, ma\u201con) et signifie \u00ab\u00a0tailleur de pierre\u00a0\u00bb. L&rsquo;ajout de \u00ab\u00a0free\u00a0\u00bb signifie que l&rsquo;\u00e9tat accordait certaines libert\u00e9s \u00e9conomiques aux guildes de tailleurs de pierre car on d\u00e9pendait de leurs services. Un \u201eFree Mason\u201c \u00e9tait tailleur de pierre, sculpteur ou ma\u00eetre d&rsquo;oeuvre de formation et poss\u00e9dait \u00e9galement des connaissances en architecture. Le mot allemand \u00ab\u00a0Freimaurer\u00a0\u00bb (Franc-Ma\u00e7on en fran\u00e7ais) est par cons\u00e9quent une traduction exacte du terme anglais.<br \/>\n&nbsp;<\/p>\n<h3>La Franc-Ma\u00e7onnerie aujourd&rsquo;hui<\/h3>\n<p>La premi\u00e8re pierre de la Franc-Ma\u00e7onnerie actuelle fut pos\u00e9e le 24 Juin 1717 \u00e0 Londres avec la formation de la premi\u00e8re Grande Loge ma\u00e7onnique du monde, issue de la r\u00e9union de quatre loges ma\u00e7onniques. Peu apr\u00e8s, le pr\u00e9dicateur James Anderson en d\u00e9termina la base siprituelle en 1723 dans un manuscrit qui recensait les \u00ab\u00a0Old charges\u00a0\u00bb (anciens devoirs) et \u00ab\u00a0Old landmarks\u00a0\u00bb (anciens landmarks) et qui repr\u00e9sente la premi\u00e8re Constitution ma\u00e7onnique.  <strong>Celle-ci ancrait un mod\u00e8le de tol\u00e9rance et de fraternit\u00e9 dans la soci\u00e9t\u00e9 des hommes. La Grande Loge repr\u00e9sentait ainsi les th\u00e8ses des Lumi\u00e8res et s&rsquo;engageait tout particuli\u00e8rement en faveur d&rsquo;une conception tol\u00e9rante des la religion. <\/strong> Ainsi, ce n&rsquo;\u00e9tait d\u00e9sormais plus \u00e0 la construction de cath\u00e9drales que l&rsquo;on oeuvrait, mais au temple spirituel de l&rsquo;humanit\u00e9. La majorit\u00e9 des confr\u00e9ries anglaises rejoignit ensuite cette Grande Loge. A partir de ce moment, la Franc-Ma\u00e7onnerie telle qu&rsquo;elle est pratiqu\u00e9e de nos jours put prosp\u00e9rer et se r\u00e9pandre \u00e0 travers l&rsquo;ensemble du monde civilis\u00e9.<\/p>\n","protected":false},"excerpt":{"rendered":"<p>L&rsquo;expression \u00ab\u00a0Free Mason\u00a0\u00bb appara\u00eet pour la premi\u00e8re fois dans une note datant de 1375 \u00e0 propos d&rsquo;une r\u00e9union des guildes de la ville de Londres. Le mot \u00ab\u00a0Mason\u00a0\u00bb est d&rsquo;origine franco-normande (masoun, massone, ma\u201con) et signifie \u00ab\u00a0tailleur de pierre\u00a0\u00bb.<\/p>\n","protected":false},"author":1,"featured_media":0,"parent":0,"menu_order":0,"comment_status":"closed","ping_status":"closed","template":"","meta":{"_acf_changed":false,"footnotes":""},"class_list":["post-14716","page","type-page","status-publish","hentry"],"acf":[],"aioseo_notices":[],"_links":{"self":[{"href":"https:\/\/freimaurermuseum.ch\/fr\/wp-json\/wp\/v2\/pages\/14716","targetHints":{"allow":["GET"]}}],"collection":[{"href":"https:\/\/freimaurermuseum.ch\/fr\/wp-json\/wp\/v2\/pages"}],"about":[{"href":"https:\/\/freimaurermuseum.ch\/fr\/wp-json\/wp\/v2\/types\/page"}],"author":[{"embeddable":true,"href":"https:\/\/freimaurermuseum.ch\/fr\/wp-json\/wp\/v2\/users\/1"}],"replies":[{"embeddable":true,"href":"https:\/\/freimaurermuseum.ch\/fr\/wp-json\/wp\/v2\/comments?post=14716"}],"version-history":[{"count":0,"href":"https:\/\/freimaurermuseum.ch\/fr\/wp-json\/wp\/v2\/pages\/14716\/revisions"}],"wp:attachment":[{"href":"https:\/\/freimaurermuseum.ch\/fr\/wp-json\/wp\/v2\/media?parent=14716"}],"curies":[{"name":"wp","href":"https:\/\/api.w.org\/{rel}","templated":true}]}}