{"id":14614,"date":"2019-02-14T07:24:43","date_gmt":"2019-02-14T06:24:43","guid":{"rendered":"https:\/\/freimaurermuseum.ch\/fms-neu\/musee-maconnique-suisse\/"},"modified":"2024-11-30T13:39:38","modified_gmt":"2024-11-30T12:39:38","slug":"musee-maconnique-suisse","status":"publish","type":"page","link":"https:\/\/freimaurermuseum.ch\/fr\/","title":{"rendered":"Mus\u00e9e ma\u00e7onnique suisse"},"content":{"rendered":"","protected":false},"excerpt":{"rendered":"<p>Le Mus\u00e9e Ma\u00e7onnique Suisse \u00e0 Berne offre un aper\u00e7u unique de la franc-ma\u00e7onnerie historique et contemporaine, internationale et suisse ! <\/p>\n","protected":false},"author":1,"featured_media":15566,"parent":0,"menu_order":0,"comment_status":"closed","ping_status":"closed","template":"","meta":{"_acf_changed":false,"footnotes":""},"class_list":["post-14614","page","type-page","status-publish","has-post-thumbnail","hentry"],"acf":[],"aioseo_notices":[],"_links":{"self":[{"href":"https:\/\/freimaurermuseum.ch\/fr\/wp-json\/wp\/v2\/pages\/14614","targetHints":{"allow":["GET"]}}],"collection":[{"href":"https:\/\/freimaurermuseum.ch\/fr\/wp-json\/wp\/v2\/pages"}],"about":[{"href":"https:\/\/freimaurermuseum.ch\/fr\/wp-json\/wp\/v2\/types\/page"}],"author":[{"embeddable":true,"href":"https:\/\/freimaurermuseum.ch\/fr\/wp-json\/wp\/v2\/users\/1"}],"replies":[{"embeddable":true,"href":"https:\/\/freimaurermuseum.ch\/fr\/wp-json\/wp\/v2\/comments?post=14614"}],"version-history":[{"count":0,"href":"https:\/\/freimaurermuseum.ch\/fr\/wp-json\/wp\/v2\/pages\/14614\/revisions"}],"wp:featuredmedia":[{"embeddable":true,"href":"https:\/\/freimaurermuseum.ch\/fr\/wp-json\/wp\/v2\/media\/15566"}],"wp:attachment":[{"href":"https:\/\/freimaurermuseum.ch\/fr\/wp-json\/wp\/v2\/media?parent=14614"}],"curies":[{"name":"wp","href":"https:\/\/api.w.org\/{rel}","templated":true}]}}